{"id":4793,"date":"2022-08-04T10:44:26","date_gmt":"2022-08-04T14:44:26","guid":{"rendered":"https:\/\/www.demarque.com\/ressources-numeriques\/produit\/le-robert-illustre"},"modified":"2023-02-03T14:46:01","modified_gmt":"2023-02-03T19:46:01","slug":"le-robert-illustre","status":"publish","type":"product","link":"https:\/\/www.demarque.com\/en\/online-resources\/product\/le-robert-illustre","title":{"rendered":"Le Robert Illustr\u00e9"},"content":{"rendered":"<div class=\"container wysiwyg-text\"><div class=\"row\"><div class=\"col-xs-12\">\n<h3 class=\"wp-block-heading\"><strong><strong>The most accessible and up-to-date dictionary<\/strong><\/strong><\/h3>\n<\/div><\/div><\/div>\n\n<div class=\"container wysiwyg-text\"><div class=\"row\"><div class=\"col-xs-12\">\n<p>An online dictionary enhanced with extensive multimedia content.<\/p>\n<\/div><\/div><\/div>\n\n\n<div style=\"height:40px\" aria-hidden=\"true\" class=\"wp-block-spacer\"><\/div>\n\n\n\n<div class=\"acf-block acf-block-text-with-image acf-block-text-with-image--light acf-block-text-with-image--full\" data-emergence=\"hidden\">\n\n        <div class=\"container\">\n        <div class=\"row\">\n            <div class=\"col-xs-12\">\n    \n    <div class=\"acf-block__grid\">\n        <div class=\"acf-block__column\">\n            <div class=\"acf-block__content\">\n                <h2 class=\"acf-block__title headline-xl headline-special color-dark \" data-emergence=\"hidden\">\n                    <span>THE COMPLETE LE ROBERT ILLUSTR\u00c9, UPDATED REGULARLY<\/span>\n                <\/h2>\n\n                <div class=\"acf-block__text wysiwyg-text push-t-xs-35\">\n                    <ul>\n<li style=\"font-weight: 400;\" aria-level=\"1\"><span style=\"font-weight: 400;\">58,000 words and 160,000 definitions<\/span><\/li>\n<li style=\"font-weight: 400;\" aria-level=\"1\"><span style=\"font-weight: 400;\">6,400 fully conjugated verbs<\/span><\/li>\n<li style=\"font-weight: 400;\" aria-level=\"1\"><span style=\"font-weight: 400;\">More than 6,000 photos, a veritable image gallery!<\/span><\/li>\n<li style=\"font-weight: 400;\" aria-level=\"1\"><span style=\"font-weight: 400;\">150 key videos of history<\/span><\/li>\n<li style=\"font-weight: 400;\" aria-level=\"1\"><span style=\"font-weight: 400;\">35,000 proper names: famous people, countries, cities and more!<\/span><\/li>\n<li style=\"font-weight: 400;\" aria-level=\"1\"><span style=\"font-weight: 400;\">More than 2,000 encyclopedic files<\/span><\/li>\n<li style=\"font-weight: 400;\" aria-level=\"1\"><span style=\"font-weight: 400;\">1,000 records and 3,200 quotations<\/span><\/li>\n<\/ul>\n                <\/div>\n\n                            <\/div>\n        <\/div>\n\n        <div class=\"acf-block__column acf-block__picture\" >\n                            <img decoding=\"async\" src=\"https:\/\/www.demarque.com\/wp-content\/uploads\/2022\/08\/ROBERT-ILLUSTRE.png\" alt=\"\">\n                    <\/div>\n    <\/div>\n\n                <\/div>\n        <\/div>\n    <\/div>\n    \n<\/div>\n\n\n\n\n<div style=\"height:36px\" aria-hidden=\"true\" class=\"wp-block-spacer\"><\/div>\n\n\n<div class=\"acf-block acf-block-image-one-third-with-text\" data-emergence=\"hidden\">\n    <div class=\"acf-block__picture\">\n        <img decoding=\"async\" src=\"https:\/\/www.demarque.com\/wp-content\/uploads\/2022\/08\/Capture-de\u0301cran-le-2022-08-04-a\u0300-11.08.29.png\" alt=\"\">\n    <\/div>\n\n    <div class=\"acf-block__content\">\n        <h2 class=\"acf-block__title headline-xl headline-dashed headline-special\">\n            <span>MODERN, VISUAL AND ACCESSIBLE<\/span>\n        <\/h2>\n\n        <div class=\"acf-block__text wysiwyg-text push-t-xs-35\">\n            <p><span style=\"font-weight: 400;\">A genuine teaching tool to help learn French and to understand the major issues of the world today.<\/span><\/p>\n        <\/div>\n\n        \n            <\/div>\n<\/div>\n\n\n<div style=\"height:60px\" aria-hidden=\"true\" class=\"wp-block-spacer\"><\/div>\n\n\n<div class=\"acf-block acf-block-image-one-third-with-text\" data-emergence=\"hidden\">\n    <div class=\"acf-block__picture\">\n        <img decoding=\"async\" src=\"https:\/\/www.demarque.com\/wp-content\/uploads\/2022\/08\/Capture-de\u0301cran-le-2022-08-04-a\u0300-11.10.38.png\" alt=\"\">\n    <\/div>\n\n    <div class=\"acf-block__content\">\n        <h2 class=\"acf-block__title headline-xl headline-dashed headline-special\">\n            <span>SIMPLE AND INTUITIVE SEARCHES<\/span>\n        <\/h2>\n\n        <div class=\"acf-block__text wysiwyg-text push-t-xs-35\">\n            <p><span style=\"font-weight: 400;\">Its powerful search engine delivers a broad range of available resources, all of which are displayed on the results page.<\/span><\/p>\n        <\/div>\n\n        \n            <\/div>\n<\/div>\n\n\n<div style=\"height:60px\" aria-hidden=\"true\" class=\"wp-block-spacer\"><\/div>\n\n\n<div class=\"acf-block acf-block-image-one-third-with-text\" data-emergence=\"hidden\">\n    <div class=\"acf-block__picture\">\n        <img decoding=\"async\" src=\"https:\/\/www.demarque.com\/wp-content\/uploads\/2022\/08\/Capture-de\u0301cran-le-2022-08-04-a\u0300-11.16.38.png\" alt=\"\">\n    <\/div>\n\n    <div class=\"acf-block__content\">\n        <h2 class=\"acf-block__title headline-xl headline-dashed headline-special\">\n            <span>FOSTER CURIOSITY IN YOUR STUDENTS<\/span>\n        <\/h2>\n\n        <div class=\"acf-block__text wysiwyg-text push-t-xs-35\">\n            <p><span style=\"font-weight: 400;\">Available from Grade 3, this dictionary makes it easy to find and deepen information.<\/span><\/p>\n        <\/div>\n\n        \n            <\/div>\n<\/div>\n\n\n<div style=\"height:60px\" aria-hidden=\"true\" class=\"wp-block-spacer\"><\/div>\n\n\n<div class=\"container wysiwyg-text\"><div class=\"row\"><div class=\"col-xs-12\">\n<figure class=\"wp-block-embed is-type-video is-provider-youtube wp-block-embed-youtube wp-embed-aspect-16-9 wp-has-aspect-ratio\"><div class=\"wp-block-embed__wrapper\">\n<iframe loading=\"lazy\" title=\"Le dictionnaire en ligne du Robert illustr\u00e9, un v\u00e9ritable outil pour accompagner la scolarit\u00e9\" width=\"900\" height=\"506\" src=\"https:\/\/www.youtube.com\/embed\/thFjyECwhCE?feature=oembed\" frameborder=\"0\" allow=\"accelerometer; autoplay; clipboard-write; encrypted-media; gyroscope; picture-in-picture; web-share\" allowfullscreen><\/iframe>\n<\/div><\/figure>\n<\/div><\/div><\/div>\n\n<div class=\"container wysiwyg-text\"><div class=\"row\"><div class=\"col-xs-12\">\n<p><\/p>\n<\/div><\/div><\/div>","protected":false},"excerpt":{"rendered":"The most accessible and up-to-date dictionary An online dictionary enhanced with extensive multimedia content.","protected":false},"featured_media":3944,"template":"","meta":[],"product_cat":[69],"product_tag":[],"acf":[],"yoast_head":"<!-- This site is optimized with the Yoast SEO plugin v22.4 - https:\/\/yoast.com\/wordpress\/plugins\/seo\/ -->\n<title>Le Robert Illustr\u00e9 - De Marque<\/title>\n<meta name=\"robots\" content=\"index, follow, max-snippet:-1, max-image-preview:large, max-video-preview:-1\" \/>\n<link rel=\"canonical\" href=\"https:\/\/www.demarque.com\/en\/online-resources\/product\/le-robert-illustre\" \/>\n<meta property=\"og:locale\" content=\"en_US\" \/>\n<meta property=\"og:type\" content=\"article\" \/>\n<meta property=\"og:title\" content=\"Le Robert Illustr\u00e9 - De Marque\" \/>\n<meta property=\"og:description\" content=\"The most accessible and up-to-date dictionary An online dictionary enhanced with extensive multimedia content.\" \/>\n<meta property=\"og:url\" content=\"https:\/\/www.demarque.com\/en\/online-resources\/product\/le-robert-illustre\" \/>\n<meta property=\"og:site_name\" content=\"De Marque\" \/>\n<meta property=\"article:modified_time\" content=\"2023-02-03T19:46:01+00:00\" \/>\n<meta property=\"og:image\" content=\"https:\/\/www.demarque.com\/wp-content\/uploads\/2022\/08\/illustre_homepage.png\" \/>\n\t<meta property=\"og:image:width\" content=\"1800\" \/>\n\t<meta property=\"og:image:height\" content=\"706\" \/>\n\t<meta property=\"og:image:type\" content=\"image\/png\" \/>\n<meta name=\"twitter:card\" content=\"summary_large_image\" \/>\n<meta name=\"twitter:label1\" content=\"Est. reading time\" \/>\n\t<meta name=\"twitter:data1\" content=\"1 minute\" \/>\n<script type=\"application\/ld+json\" class=\"yoast-schema-graph\">{\"@context\":\"https:\/\/schema.org\",\"@graph\":[{\"@type\":\"WebPage\",\"@id\":\"https:\/\/www.demarque.com\/en\/online-resources\/product\/le-robert-illustre\",\"url\":\"https:\/\/www.demarque.com\/en\/online-resources\/product\/le-robert-illustre\",\"name\":\"Le Robert Illustr\u00e9 - De Marque\",\"isPartOf\":{\"@id\":\"https:\/\/www.demarque.com\/en#website\"},\"primaryImageOfPage\":{\"@id\":\"https:\/\/www.demarque.com\/en\/online-resources\/product\/le-robert-illustre#primaryimage\"},\"image\":{\"@id\":\"https:\/\/www.demarque.com\/en\/online-resources\/product\/le-robert-illustre#primaryimage\"},\"thumbnailUrl\":\"https:\/\/www.demarque.com\/wp-content\/uploads\/2022\/08\/illustre_homepage.png\",\"datePublished\":\"2022-08-04T14:44:26+00:00\",\"dateModified\":\"2023-02-03T19:46:01+00:00\",\"breadcrumb\":{\"@id\":\"https:\/\/www.demarque.com\/en\/online-resources\/product\/le-robert-illustre#breadcrumb\"},\"inLanguage\":\"en-US\",\"potentialAction\":[{\"@type\":\"ReadAction\",\"target\":[\"https:\/\/www.demarque.com\/en\/online-resources\/product\/le-robert-illustre\"]}]},{\"@type\":\"ImageObject\",\"inLanguage\":\"en-US\",\"@id\":\"https:\/\/www.demarque.com\/en\/online-resources\/product\/le-robert-illustre#primaryimage\",\"url\":\"https:\/\/www.demarque.com\/wp-content\/uploads\/2022\/08\/illustre_homepage.png\",\"contentUrl\":\"https:\/\/www.demarque.com\/wp-content\/uploads\/2022\/08\/illustre_homepage.png\",\"width\":1800,\"height\":706},{\"@type\":\"BreadcrumbList\",\"@id\":\"https:\/\/www.demarque.com\/en\/online-resources\/product\/le-robert-illustre#breadcrumb\",\"itemListElement\":[{\"@type\":\"ListItem\",\"position\":1,\"name\":\"Accueil\",\"item\":\"https:\/\/www.demarque.com\/en\"},{\"@type\":\"ListItem\",\"position\":2,\"name\":\"Online resources\",\"item\":\"https:\/\/www.demarque.com\/en\/online-resources\"},{\"@type\":\"ListItem\",\"position\":3,\"name\":\"Le Robert Illustr\u00e9\"}]},{\"@type\":\"WebSite\",\"@id\":\"https:\/\/www.demarque.com\/en#website\",\"url\":\"https:\/\/www.demarque.com\/en\",\"name\":\"De Marque\",\"description\":\"\",\"potentialAction\":[{\"@type\":\"SearchAction\",\"target\":{\"@type\":\"EntryPoint\",\"urlTemplate\":\"https:\/\/www.demarque.com\/en?s={search_term_string}\"},\"query-input\":\"required name=search_term_string\"}],\"inLanguage\":\"en-US\"}]}<\/script>\n<!-- \/ Yoast SEO plugin. -->","yoast_head_json":{"title":"Le Robert Illustr\u00e9 - De Marque","robots":{"index":"index","follow":"follow","max-snippet":"max-snippet:-1","max-image-preview":"max-image-preview:large","max-video-preview":"max-video-preview:-1"},"canonical":"https:\/\/www.demarque.com\/en\/online-resources\/product\/le-robert-illustre","og_locale":"en_US","og_type":"article","og_title":"Le Robert Illustr\u00e9 - De Marque","og_description":"The most accessible and up-to-date dictionary An online dictionary enhanced with extensive multimedia content.","og_url":"https:\/\/www.demarque.com\/en\/online-resources\/product\/le-robert-illustre","og_site_name":"De Marque","article_modified_time":"2023-02-03T19:46:01+00:00","og_image":[{"width":1800,"height":706,"url":"https:\/\/www.demarque.com\/wp-content\/uploads\/2022\/08\/illustre_homepage.png","type":"image\/png"}],"twitter_card":"summary_large_image","twitter_misc":{"Est. reading time":"1 minute"},"schema":{"@context":"https:\/\/schema.org","@graph":[{"@type":"WebPage","@id":"https:\/\/www.demarque.com\/en\/online-resources\/product\/le-robert-illustre","url":"https:\/\/www.demarque.com\/en\/online-resources\/product\/le-robert-illustre","name":"Le Robert Illustr\u00e9 - De Marque","isPartOf":{"@id":"https:\/\/www.demarque.com\/en#website"},"primaryImageOfPage":{"@id":"https:\/\/www.demarque.com\/en\/online-resources\/product\/le-robert-illustre#primaryimage"},"image":{"@id":"https:\/\/www.demarque.com\/en\/online-resources\/product\/le-robert-illustre#primaryimage"},"thumbnailUrl":"https:\/\/www.demarque.com\/wp-content\/uploads\/2022\/08\/illustre_homepage.png","datePublished":"2022-08-04T14:44:26+00:00","dateModified":"2023-02-03T19:46:01+00:00","breadcrumb":{"@id":"https:\/\/www.demarque.com\/en\/online-resources\/product\/le-robert-illustre#breadcrumb"},"inLanguage":"en-US","potentialAction":[{"@type":"ReadAction","target":["https:\/\/www.demarque.com\/en\/online-resources\/product\/le-robert-illustre"]}]},{"@type":"ImageObject","inLanguage":"en-US","@id":"https:\/\/www.demarque.com\/en\/online-resources\/product\/le-robert-illustre#primaryimage","url":"https:\/\/www.demarque.com\/wp-content\/uploads\/2022\/08\/illustre_homepage.png","contentUrl":"https:\/\/www.demarque.com\/wp-content\/uploads\/2022\/08\/illustre_homepage.png","width":1800,"height":706},{"@type":"BreadcrumbList","@id":"https:\/\/www.demarque.com\/en\/online-resources\/product\/le-robert-illustre#breadcrumb","itemListElement":[{"@type":"ListItem","position":1,"name":"Accueil","item":"https:\/\/www.demarque.com\/en"},{"@type":"ListItem","position":2,"name":"Online resources","item":"https:\/\/www.demarque.com\/en\/online-resources"},{"@type":"ListItem","position":3,"name":"Le Robert Illustr\u00e9"}]},{"@type":"WebSite","@id":"https:\/\/www.demarque.com\/en#website","url":"https:\/\/www.demarque.com\/en","name":"De Marque","description":"","potentialAction":[{"@type":"SearchAction","target":{"@type":"EntryPoint","urlTemplate":"https:\/\/www.demarque.com\/en?s={search_term_string}"},"query-input":"required name=search_term_string"}],"inLanguage":"en-US"}]}},"_links":{"self":[{"href":"https:\/\/www.demarque.com\/en\/wp-json\/wp\/v2\/product\/4793"}],"collection":[{"href":"https:\/\/www.demarque.com\/en\/wp-json\/wp\/v2\/product"}],"about":[{"href":"https:\/\/www.demarque.com\/en\/wp-json\/wp\/v2\/types\/product"}],"wp:featuredmedia":[{"embeddable":true,"href":"https:\/\/www.demarque.com\/en\/wp-json\/wp\/v2\/media\/3944"}],"wp:attachment":[{"href":"https:\/\/www.demarque.com\/en\/wp-json\/wp\/v2\/media?parent=4793"}],"wp:term":[{"taxonomy":"product_cat","embeddable":true,"href":"https:\/\/www.demarque.com\/en\/wp-json\/wp\/v2\/product_cat?post=4793"},{"taxonomy":"product_tag","embeddable":true,"href":"https:\/\/www.demarque.com\/en\/wp-json\/wp\/v2\/product_tag?post=4793"}],"curies":[{"name":"wp","href":"https:\/\/api.w.org\/{rel}","templated":true}]}}