{"id":4797,"date":"2022-07-12T14:42:08","date_gmt":"2022-07-12T18:42:08","guid":{"rendered":"https:\/\/www.demarque.com\/ressources-numeriques\/produit\/le-petit-robert-langue-francaise"},"modified":"2025-02-10T12:33:39","modified_gmt":"2025-02-10T17:33:39","slug":"le-petit-robert-langue-francaise","status":"publish","type":"product","link":"https:\/\/www.demarque.com\/en\/online-resources\/product\/le-petit-robert-langue-francaise","title":{"rendered":"Le\u00a0Petit\u00a0Robert de la langue fran\u00e7aise"},"content":{"rendered":"<div class=\"container wysiwyg-text\"><div class=\"row\"><div class=\"col-xs-12\">\n<h3 class=\"wp-block-heading\"><strong><strong>The benchmark for the French language for over 50 years<\/strong><\/strong><\/h3>\n<\/div><\/div><\/div>\n\n<div class=\"container wysiwyg-text\"><div class=\"row\"><div class=\"col-xs-12\">\n<p>Discover a unique and comprehensive dictionary that reflects the most recent changes in the language, and benefit from all its search and navigation features. Le Petit Robert, a reference tool for everyone.<br><\/p>\n<\/div><\/div><\/div>\n\n\n<div style=\"height:40px\" aria-hidden=\"true\" class=\"wp-block-spacer\"><\/div>\n\n\n\n<div class=\"acf-block acf-block-text-with-image acf-block-text-with-image--light acf-block-text-with-image--full\" data-emergence=\"hidden\">\n\n        <div class=\"container\">\n        <div class=\"row\">\n            <div class=\"col-xs-12\">\n    \n    <div class=\"acf-block__grid\">\n        <div class=\"acf-block__column\">\n            <div class=\"acf-block__content\">\n                <h2 class=\"acf-block__title headline-xl headline-special color-dark \" data-emergence=\"hidden\">\n                    <span>THE ENTIRE, MOST RECENT EDITION OF LE PETIT ROBERT<\/span>\n                <\/h2>\n\n                <div class=\"acf-block__text wysiwyg-text push-t-xs-35\">\n                    <ul>\n<li style=\"font-weight: 400;\" aria-level=\"1\"><span style=\"font-weight: 400;\">All new words and meanings<\/span><\/li>\n<li style=\"font-weight: 400;\" aria-level=\"1\"><span style=\"font-weight: 400;\">60,000 words, 300,000 meanings, 185,000 examples of uses<\/span><\/li>\n<li style=\"font-weight: 400;\" aria-level=\"1\"><span style=\"font-weight: 400;\">Etymology, phonetics, synonyms and opposites, expressions and proverbs&#8230;<\/span><\/li>\n<li style=\"font-weight: 400;\" aria-level=\"1\"><span style=\"font-weight: 400;\">35,000 quotations from 1,300 authors<\/span><\/li>\n<\/ul>\n                <\/div>\n\n                            <\/div>\n        <\/div>\n\n        <div class=\"acf-block__column acf-block__picture\" >\n                            <img decoding=\"async\" src=\"https:\/\/www.demarque.com\/wp-content\/uploads\/2022\/07\/PETIT-ROBERT-LANGUE-FRANCAISE.png\" alt=\"\">\n                    <\/div>\n    <\/div>\n\n                <\/div>\n        <\/div>\n    <\/div>\n    \n<\/div>\n\n\n\n\n<div style=\"height:60px\" aria-hidden=\"true\" class=\"wp-block-spacer\"><\/div>\n\n\n<div class=\"acf-block acf-block-image-one-third-with-text\" data-emergence=\"hidden\">\n    <div class=\"acf-block__picture\">\n        <img decoding=\"async\" src=\"https:\/\/www.demarque.com\/wp-content\/uploads\/2022\/07\/Capture-de\u0301cran-le-2022-07-27-a\u0300-09.13.21-1.png\" alt=\"\">\n    <\/div>\n\n    <div class=\"acf-block__content\">\n        <h2 class=\"acf-block__title headline-xl headline-dashed headline-special\">\n            <span>EXCLUSIVE EDITORIAL MATERIALS<\/span>\n        <\/h2>\n\n        <div class=\"acf-block__text wysiwyg-text push-t-xs-35\">\n            <ul>\n<li style=\"font-weight: 400;\" aria-level=\"1\"><span style=\"font-weight: 400;\">620 sidebars on etymological word families<\/span><\/li>\n<li style=\"font-weight: 400;\" aria-level=\"1\"><span style=\"font-weight: 400;\">Conjugation tables for all verbs<\/span><\/li>\n<li style=\"font-weight: 400;\" aria-level=\"1\"><span style=\"font-weight: 400;\">Audio recordings of 16,000 challenging words and 300 quotations<\/span><\/li>\n<li style=\"font-weight: 400;\" aria-level=\"1\"><span style=\"font-weight: 400;\">An index of 15,000 compound words and 14,000 phrases<\/span><\/li>\n<li style=\"font-weight: 400;\" aria-level=\"1\"><span style=\"font-weight: 400;\">An integrated dictionary of authors (biographies)<\/span><\/li>\n<\/ul>\n        <\/div>\n\n        \n            <\/div>\n<\/div>\n\n\n<div style=\"height:60px\" aria-hidden=\"true\" class=\"wp-block-spacer\"><\/div>\n\n\n<div class=\"acf-block acf-block-image-one-third-with-text\" data-emergence=\"hidden\">\n    <div class=\"acf-block__picture\">\n        <img decoding=\"async\" src=\"https:\/\/www.demarque.com\/wp-content\/uploads\/2022\/07\/Capture-de\u0301cran-le-2022-07-27-a\u0300-09.44.50.png\" alt=\"\">\n    <\/div>\n\n    <div class=\"acf-block__content\">\n        <h2 class=\"acf-block__title headline-xl headline-dashed headline-special\">\n            <span>A NEW AND IMPROVED USER-FRIENDLY VERSION<\/span>\n        <\/h2>\n\n        <div class=\"acf-block__text wysiwyg-text push-t-xs-35\">\n            <ul>\n<li style=\"font-weight: 400;\" aria-level=\"1\"><span style=\"font-weight: 400;\">A new interface, more intuitive and user-friendly<\/span><\/li>\n<li style=\"font-weight: 400;\" aria-level=\"1\"><span style=\"font-weight: 400;\">The authors&#8217; dictionary is now integrated within the same interface<\/span><\/li>\n<li style=\"font-weight: 400;\" aria-level=\"1\"><span style=\"font-weight: 400;\">Searching for a word is now easier by just typing its first few letters<\/span><\/li>\n<li style=\"font-weight: 400;\" aria-level=\"1\"><span style=\"font-weight: 400;\">All indexes (entries, flexed forms, locutions, compound words&#8230;) can be searched simultaneously.<\/span><\/li>\n<\/ul>\n        <\/div>\n\n        \n            <\/div>\n<\/div>\n\n\n<div style=\"height:60px\" aria-hidden=\"true\" class=\"wp-block-spacer\"><\/div>\n\n\n<div class=\"acf-block acf-block-image-one-third-with-text\" data-emergence=\"hidden\">\n    <div class=\"acf-block__picture\">\n        <img decoding=\"async\" src=\"https:\/\/www.demarque.com\/wp-content\/uploads\/2022\/07\/Capture-de\u0301cran-le-2022-07-27-a\u0300-10.50.24.png\" alt=\"\">\n    <\/div>\n\n    <div class=\"acf-block__content\">\n        <h2 class=\"acf-block__title headline-xl headline-dashed headline-special\">\n            <span>De puissantes fonctionnalit\u00e9s<\/span>\n        <\/h2>\n\n        <div class=\"acf-block__text wysiwyg-text push-t-xs-35\">\n            <ul>\n<li>Un correcteur orthographique<\/li>\n<li>Une navigation hypertexte totale<\/li>\n<li>Un puissant moteur de recherches multicrit\u00e8res, pour les jeux de lettres, les rimes, les recherches de citations&#8230;<\/li>\n<\/ul>\n        <\/div>\n\n        \n            <\/div>\n<\/div>\n\n\n<div style=\"height:36px\" aria-hidden=\"true\" class=\"wp-block-spacer\"><\/div>\n\n\n\n<div style=\"height:36px\" aria-hidden=\"true\" class=\"wp-block-spacer\"><\/div>\n\n\n<div class=\"container wysiwyg-text\"><div class=\"row\"><div class=\"col-xs-12\">\n<figure class=\"wp-block-embed is-type-video is-provider-youtube wp-block-embed-youtube wp-embed-aspect-16-9 wp-has-aspect-ratio\"><div class=\"wp-block-embed__wrapper\">\n<iframe loading=\"lazy\" title=\"Le Petit Robert de la langue fran\u00e7aise - Le dictionnaire num\u00e9rique de r\u00e9f\u00e9rence\" width=\"900\" height=\"506\" src=\"https:\/\/www.youtube.com\/embed\/Nv7A7K5UDSo?list=PLvB7dPsd4GihBYa_KHwncvAO7zhQIzLJF\" frameborder=\"0\" allow=\"accelerometer; autoplay; clipboard-write; encrypted-media; gyroscope; picture-in-picture; web-share\" allowfullscreen><\/iframe>\n<\/div><\/figure>\n<\/div><\/div><\/div>\n\n<div class=\"container wysiwyg-text\"><div class=\"row\"><div class=\"col-xs-12\">\n<p><\/p>\n<\/div><\/div><\/div>","protected":false},"excerpt":{"rendered":"The benchmark for the French language for over 50 years Discover a unique and comprehensive dictionary that reflects the most recent changes in the language, and benefit from all its search and navigation features. Le Petit Robert, a reference tool for everyone.","protected":false},"featured_media":3939,"template":"","meta":[],"product_cat":[67],"product_tag":[],"acf":[],"yoast_head":"<!-- This site is optimized with the Yoast SEO plugin v22.4 - https:\/\/yoast.com\/wordpress\/plugins\/seo\/ -->\n<title>Le\u00a0Petit\u00a0Robert de la langue fran\u00e7aise - De Marque<\/title>\n<meta name=\"robots\" content=\"index, follow, max-snippet:-1, max-image-preview:large, max-video-preview:-1\" \/>\n<link rel=\"canonical\" href=\"https:\/\/www.demarque.com\/en\/online-resources\/product\/le-petit-robert-langue-francaise\" \/>\n<meta property=\"og:locale\" content=\"en_US\" \/>\n<meta property=\"og:type\" content=\"article\" \/>\n<meta property=\"og:title\" content=\"Le\u00a0Petit\u00a0Robert de la langue fran\u00e7aise - De Marque\" \/>\n<meta property=\"og:description\" content=\"The benchmark for the French language for over 50 years Discover a unique and comprehensive dictionary that reflects the most recent changes in the language, and benefit from all its search and navigation features. Le Petit Robert, a reference tool for everyone.\" \/>\n<meta property=\"og:url\" content=\"https:\/\/www.demarque.com\/en\/online-resources\/product\/le-petit-robert-langue-francaise\" \/>\n<meta property=\"og:site_name\" content=\"De Marque\" \/>\n<meta property=\"article:modified_time\" content=\"2025-02-10T17:33:39+00:00\" \/>\n<meta property=\"og:image\" content=\"https:\/\/www.demarque.com\/wp-content\/uploads\/2022\/07\/petit_robert_homepage.png\" \/>\n\t<meta property=\"og:image:width\" content=\"1800\" \/>\n\t<meta property=\"og:image:height\" content=\"706\" \/>\n\t<meta property=\"og:image:type\" content=\"image\/png\" \/>\n<meta name=\"twitter:card\" content=\"summary_large_image\" \/>\n<meta name=\"twitter:label1\" content=\"Est. reading time\" \/>\n\t<meta name=\"twitter:data1\" content=\"1 minute\" \/>\n<script type=\"application\/ld+json\" class=\"yoast-schema-graph\">{\"@context\":\"https:\/\/schema.org\",\"@graph\":[{\"@type\":\"WebPage\",\"@id\":\"https:\/\/www.demarque.com\/en\/online-resources\/product\/le-petit-robert-langue-francaise\",\"url\":\"https:\/\/www.demarque.com\/en\/online-resources\/product\/le-petit-robert-langue-francaise\",\"name\":\"Le\u00a0Petit\u00a0Robert de la langue fran\u00e7aise - De Marque\",\"isPartOf\":{\"@id\":\"https:\/\/www.demarque.com\/en#website\"},\"primaryImageOfPage\":{\"@id\":\"https:\/\/www.demarque.com\/en\/online-resources\/product\/le-petit-robert-langue-francaise#primaryimage\"},\"image\":{\"@id\":\"https:\/\/www.demarque.com\/en\/online-resources\/product\/le-petit-robert-langue-francaise#primaryimage\"},\"thumbnailUrl\":\"https:\/\/www.demarque.com\/wp-content\/uploads\/2022\/07\/petit_robert_homepage.png\",\"datePublished\":\"2022-07-12T18:42:08+00:00\",\"dateModified\":\"2025-02-10T17:33:39+00:00\",\"breadcrumb\":{\"@id\":\"https:\/\/www.demarque.com\/en\/online-resources\/product\/le-petit-robert-langue-francaise#breadcrumb\"},\"inLanguage\":\"en-US\",\"potentialAction\":[{\"@type\":\"ReadAction\",\"target\":[\"https:\/\/www.demarque.com\/en\/online-resources\/product\/le-petit-robert-langue-francaise\"]}]},{\"@type\":\"ImageObject\",\"inLanguage\":\"en-US\",\"@id\":\"https:\/\/www.demarque.com\/en\/online-resources\/product\/le-petit-robert-langue-francaise#primaryimage\",\"url\":\"https:\/\/www.demarque.com\/wp-content\/uploads\/2022\/07\/petit_robert_homepage.png\",\"contentUrl\":\"https:\/\/www.demarque.com\/wp-content\/uploads\/2022\/07\/petit_robert_homepage.png\",\"width\":1800,\"height\":706},{\"@type\":\"BreadcrumbList\",\"@id\":\"https:\/\/www.demarque.com\/en\/online-resources\/product\/le-petit-robert-langue-francaise#breadcrumb\",\"itemListElement\":[{\"@type\":\"ListItem\",\"position\":1,\"name\":\"Accueil\",\"item\":\"https:\/\/www.demarque.com\/en\"},{\"@type\":\"ListItem\",\"position\":2,\"name\":\"Online resources\",\"item\":\"https:\/\/www.demarque.com\/en\/online-resources\"},{\"@type\":\"ListItem\",\"position\":3,\"name\":\"Le\u00a0Petit\u00a0Robert de la langue fran\u00e7aise\"}]},{\"@type\":\"WebSite\",\"@id\":\"https:\/\/www.demarque.com\/en#website\",\"url\":\"https:\/\/www.demarque.com\/en\",\"name\":\"De Marque\",\"description\":\"\",\"potentialAction\":[{\"@type\":\"SearchAction\",\"target\":{\"@type\":\"EntryPoint\",\"urlTemplate\":\"https:\/\/www.demarque.com\/en?s={search_term_string}\"},\"query-input\":\"required name=search_term_string\"}],\"inLanguage\":\"en-US\"}]}<\/script>\n<!-- \/ Yoast SEO plugin. -->","yoast_head_json":{"title":"Le\u00a0Petit\u00a0Robert de la langue fran\u00e7aise - De Marque","robots":{"index":"index","follow":"follow","max-snippet":"max-snippet:-1","max-image-preview":"max-image-preview:large","max-video-preview":"max-video-preview:-1"},"canonical":"https:\/\/www.demarque.com\/en\/online-resources\/product\/le-petit-robert-langue-francaise","og_locale":"en_US","og_type":"article","og_title":"Le\u00a0Petit\u00a0Robert de la langue fran\u00e7aise - De Marque","og_description":"The benchmark for the French language for over 50 years Discover a unique and comprehensive dictionary that reflects the most recent changes in the language, and benefit from all its search and navigation features. Le Petit Robert, a reference tool for everyone.","og_url":"https:\/\/www.demarque.com\/en\/online-resources\/product\/le-petit-robert-langue-francaise","og_site_name":"De Marque","article_modified_time":"2025-02-10T17:33:39+00:00","og_image":[{"width":1800,"height":706,"url":"https:\/\/www.demarque.com\/wp-content\/uploads\/2022\/07\/petit_robert_homepage.png","type":"image\/png"}],"twitter_card":"summary_large_image","twitter_misc":{"Est. reading time":"1 minute"},"schema":{"@context":"https:\/\/schema.org","@graph":[{"@type":"WebPage","@id":"https:\/\/www.demarque.com\/en\/online-resources\/product\/le-petit-robert-langue-francaise","url":"https:\/\/www.demarque.com\/en\/online-resources\/product\/le-petit-robert-langue-francaise","name":"Le\u00a0Petit\u00a0Robert de la langue fran\u00e7aise - De Marque","isPartOf":{"@id":"https:\/\/www.demarque.com\/en#website"},"primaryImageOfPage":{"@id":"https:\/\/www.demarque.com\/en\/online-resources\/product\/le-petit-robert-langue-francaise#primaryimage"},"image":{"@id":"https:\/\/www.demarque.com\/en\/online-resources\/product\/le-petit-robert-langue-francaise#primaryimage"},"thumbnailUrl":"https:\/\/www.demarque.com\/wp-content\/uploads\/2022\/07\/petit_robert_homepage.png","datePublished":"2022-07-12T18:42:08+00:00","dateModified":"2025-02-10T17:33:39+00:00","breadcrumb":{"@id":"https:\/\/www.demarque.com\/en\/online-resources\/product\/le-petit-robert-langue-francaise#breadcrumb"},"inLanguage":"en-US","potentialAction":[{"@type":"ReadAction","target":["https:\/\/www.demarque.com\/en\/online-resources\/product\/le-petit-robert-langue-francaise"]}]},{"@type":"ImageObject","inLanguage":"en-US","@id":"https:\/\/www.demarque.com\/en\/online-resources\/product\/le-petit-robert-langue-francaise#primaryimage","url":"https:\/\/www.demarque.com\/wp-content\/uploads\/2022\/07\/petit_robert_homepage.png","contentUrl":"https:\/\/www.demarque.com\/wp-content\/uploads\/2022\/07\/petit_robert_homepage.png","width":1800,"height":706},{"@type":"BreadcrumbList","@id":"https:\/\/www.demarque.com\/en\/online-resources\/product\/le-petit-robert-langue-francaise#breadcrumb","itemListElement":[{"@type":"ListItem","position":1,"name":"Accueil","item":"https:\/\/www.demarque.com\/en"},{"@type":"ListItem","position":2,"name":"Online resources","item":"https:\/\/www.demarque.com\/en\/online-resources"},{"@type":"ListItem","position":3,"name":"Le\u00a0Petit\u00a0Robert de la langue fran\u00e7aise"}]},{"@type":"WebSite","@id":"https:\/\/www.demarque.com\/en#website","url":"https:\/\/www.demarque.com\/en","name":"De Marque","description":"","potentialAction":[{"@type":"SearchAction","target":{"@type":"EntryPoint","urlTemplate":"https:\/\/www.demarque.com\/en?s={search_term_string}"},"query-input":"required name=search_term_string"}],"inLanguage":"en-US"}]}},"_links":{"self":[{"href":"https:\/\/www.demarque.com\/en\/wp-json\/wp\/v2\/product\/4797"}],"collection":[{"href":"https:\/\/www.demarque.com\/en\/wp-json\/wp\/v2\/product"}],"about":[{"href":"https:\/\/www.demarque.com\/en\/wp-json\/wp\/v2\/types\/product"}],"wp:featuredmedia":[{"embeddable":true,"href":"https:\/\/www.demarque.com\/en\/wp-json\/wp\/v2\/media\/3939"}],"wp:attachment":[{"href":"https:\/\/www.demarque.com\/en\/wp-json\/wp\/v2\/media?parent=4797"}],"wp:term":[{"taxonomy":"product_cat","embeddable":true,"href":"https:\/\/www.demarque.com\/en\/wp-json\/wp\/v2\/product_cat?post=4797"},{"taxonomy":"product_tag","embeddable":true,"href":"https:\/\/www.demarque.com\/en\/wp-json\/wp\/v2\/product_tag?post=4797"}],"curies":[{"name":"wp","href":"https:\/\/api.w.org\/{rel}","templated":true}]}}